{"id":980,"date":"2021-03-20T04:05:19","date_gmt":"2021-03-20T07:05:19","guid":{"rendered":"http:\/\/dev.netrisk.com.tr\/dv\/?page_id=980"},"modified":"2021-03-28T11:18:11","modified_gmt":"2021-03-28T14:18:11","slug":"usage-policy","status":"publish","type":"page","link":"https:\/\/www.netrisk.com.tr\/en\/?page_id=980","title":{"rendered":"Usage Policy"},"content":{"rendered":"\n<p>This Membership Agreement has been prepared by NET R\u0130SK Y\u00d6NET\u0130M VE DESTEK H\u0130ZMETLER\u0130 A.\u015e. and its affiliates to determine the rules and conditions for the use of the www.netrisk.com.tr website.<\/p>\n\n\n\n<p><\/p>\n","protected":false},"excerpt":{"rendered":"<p>This Membership Agreement has been prepared by NET R\u0130SK Y\u00d6NET\u0130M VE DESTEK H\u0130ZMETLER\u0130 A.\u015e. and its affiliates to determine the rules and conditions for the use of the www.netrisk.com.tr website.<\/p>\n","protected":false},"author":1,"featured_media":0,"parent":0,"menu_order":0,"comment_status":"closed","ping_status":"closed","template":"page-templates\/full-width-container.php","meta":{"footnotes":""},"class_list":["post-980","page","type-page","status-publish","hentry"],"_links":{"self":[{"href":"https:\/\/www.netrisk.com.tr\/en\/index.php?rest_route=\/wp\/v2\/pages\/980","targetHints":{"allow":["GET"]}}],"collection":[{"href":"https:\/\/www.netrisk.com.tr\/en\/index.php?rest_route=\/wp\/v2\/pages"}],"about":[{"href":"https:\/\/www.netrisk.com.tr\/en\/index.php?rest_route=\/wp\/v2\/types\/page"}],"author":[{"embeddable":true,"href":"https:\/\/www.netrisk.com.tr\/en\/index.php?rest_route=\/wp\/v2\/users\/1"}],"replies":[{"embeddable":true,"href":"https:\/\/www.netrisk.com.tr\/en\/index.php?rest_route=%2Fwp%2Fv2%2Fcomments&post=980"}],"version-history":[{"count":2,"href":"https:\/\/www.netrisk.com.tr\/en\/index.php?rest_route=\/wp\/v2\/pages\/980\/revisions"}],"predecessor-version":[{"id":1299,"href":"https:\/\/www.netrisk.com.tr\/en\/index.php?rest_route=\/wp\/v2\/pages\/980\/revisions\/1299"}],"wp:attachment":[{"href":"https:\/\/www.netrisk.com.tr\/en\/index.php?rest_route=%2Fwp%2Fv2%2Fmedia&parent=980"}],"curies":[{"name":"wp","href":"https:\/\/api.w.org\/{rel}","templated":true}]}}