{"id":1353,"date":"2021-03-25T04:31:37","date_gmt":"2021-03-25T07:31:37","guid":{"rendered":"http:\/\/www.netrisk.com.tr\/tr\/?page_id=1353"},"modified":"2025-01-08T08:08:20","modified_gmt":"2025-01-08T11:08:20","slug":"randevu-talep-formu","status":"publish","type":"page","link":"https:\/\/www.netrisk.com.tr\/tr\/?page_id=1353","title":{"rendered":"Randevu Talep Formu"},"content":{"rendered":"\n\n<div class=\"wpcf7 no-js\" id=\"wpcf7-f1428-o1\" lang=\"en-US\" dir=\"ltr\" data-wpcf7-id=\"1428\">\n<div class=\"screen-reader-response\"><p role=\"status\" aria-live=\"polite\" aria-atomic=\"true\"><\/p> <ul><\/ul><\/div>\n<form action=\"\/tr\/index.php?rest_route=%2Fwp%2Fv2%2Fpages%2F1353#wpcf7-f1428-o1\" method=\"post\" class=\"wpcf7-form init\" aria-label=\"Contact form\" novalidate=\"novalidate\" data-status=\"init\">\n<div style=\"display: none;\">\n<input type=\"hidden\" name=\"_wpcf7\" value=\"1428\" \/>\n<input type=\"hidden\" name=\"_wpcf7_version\" value=\"6.0.2\" \/>\n<input type=\"hidden\" name=\"_wpcf7_locale\" value=\"en_US\" \/>\n<input type=\"hidden\" name=\"_wpcf7_unit_tag\" value=\"wpcf7-f1428-o1\" \/>\n<input type=\"hidden\" name=\"_wpcf7_container_post\" value=\"0\" \/>\n<input type=\"hidden\" name=\"_wpcf7_posted_data_hash\" value=\"\" \/>\n<\/div>\n<p>Ad\u0131n\u0131z ve Soyad\u0131n\u0131z\n<\/p>\n<p><span class=\"wpcf7-form-control-wrap\" data-name=\"fullname\"><input size=\"40\" maxlength=\"400\" class=\"wpcf7-form-control wpcf7-text wpcf7-validates-as-required\" aria-required=\"true\" aria-invalid=\"false\" placeholder=\"Ad\u0131n\u0131z\u0131 ve Soyad\u0131n\u0131z\u0131 Giriniz\" value=\"\" type=\"text\" name=\"fullname\" \/><\/span>\n<\/p>\n<p>Almak \u0130stedi\u011finiz Hizmet\n<\/p>\n<p><span class=\"wpcf7-form-control-wrap\" data-name=\"service\"><select class=\"wpcf7-form-control wpcf7-select wpcf7-validates-as-required\" aria-required=\"true\" aria-invalid=\"false\" name=\"service\"><option value=\"Se\u00e7iniz...\">Se\u00e7iniz...<\/option><option value=\"Di\u015f Bak\u0131m\u0131\">Di\u015f Bak\u0131m\u0131<\/option><option value=\"Psikolojik Destek\">Psikolojik Destek<\/option><option value=\"Diyetisyen\">Diyetisyen<\/option><option value=\"Di\u011fer\">Di\u011fer<\/option><\/select><\/span>\n<\/p>\n<p>Cep Telefonunuz\n<\/p>\n<p><span class=\"wpcf7-form-control-wrap\" data-name=\"gsm_number\"><input size=\"40\" maxlength=\"400\" class=\"wpcf7-form-control wpcf7-tel wpcf7-validates-as-required wpcf7-text wpcf7-validates-as-tel\" aria-required=\"true\" aria-invalid=\"false\" placeholder=\"Cep Telefonunuzu Giriniz\" value=\"\" type=\"tel\" name=\"gsm_number\" \/><\/span>\n<\/p>\n<p>Elektronik Posta Adresiniz\n<\/p>\n<p><span class=\"wpcf7-form-control-wrap\" data-name=\"user_email\"><input size=\"40\" maxlength=\"400\" class=\"wpcf7-form-control wpcf7-email wpcf7-validates-as-required wpcf7-text wpcf7-validates-as-email\" aria-required=\"true\" aria-invalid=\"false\" placeholder=\"E-posta Adresinizi Giriniz\" value=\"\" type=\"email\" name=\"user_email\" \/><\/span>\n<\/p>\n<p>Sigorta \u015eirketiniz\n<\/p>\n<p><span class=\"wpcf7-form-control-wrap\" data-name=\"insurance_company\"><input size=\"40\" maxlength=\"400\" class=\"wpcf7-form-control wpcf7-text\" aria-invalid=\"false\" placeholder=\"Sigorta \u015eirketinizi Giriniz\" value=\"\" type=\"text\" name=\"insurance_company\" \/><\/span>\n<\/p>\n<p>TCKN, Sigorta Kart ya da Poli\u00e7e No\n<\/p>\n<p><span class=\"wpcf7-form-control-wrap\" data-name=\"identity\"><input size=\"40\" maxlength=\"400\" class=\"wpcf7-form-control wpcf7-text\" aria-invalid=\"false\" placeholder=\"TCKN, Sigorta Kart ya da Poli\u00e7e No Giriniz\" value=\"\" type=\"text\" name=\"identity\" \/><\/span>\n<\/p>\n<p>Hizmeti Almak \u0130stedi\u011finiz B\u00f6lgeyi Se\u00e7iniz;\n<\/p>\n<p>\u0130l: <span class=\"wpcf7-form-control-wrap\" data-name=\"city\"><select class=\"wpcf7-form-control wpcf7-select wpcf7-validates-as-required\" aria-required=\"true\" aria-invalid=\"false\" name=\"city\"><option value=\"Se\u00e7iniz...\">Se\u00e7iniz...<\/option><option value=\"Adana\">Adana<\/option><option value=\"\u0130stanbul\">\u0130stanbul<\/option><option value=\"Ankara\">Ankara<\/option><\/select><\/span>\n<\/p>\n<p>\u0130l\u00e7e: <span class=\"wpcf7-form-control-wrap\" data-name=\"district\"><input size=\"40\" maxlength=\"400\" class=\"wpcf7-form-control wpcf7-text\" aria-invalid=\"false\" placeholder=\"\u0130l\u00e7enizi Giriniz\" value=\"\" type=\"text\" name=\"district\" \/><\/span>\n<\/p>\n<p>Hizmeti \u00d6ncelikle Almak \u0130stedi\u011finiz Tarih ve Zaman Dilimini Se\u00e7iniz:\n<\/p>\n<p>1. <span class=\"wpcf7-form-control-wrap\" data-name=\"date1\"><input class=\"wpcf7-form-control wpcf7-date wpcf7-validates-as-date\" aria-invalid=\"false\" value=\"\" type=\"date\" name=\"date1\" \/><\/span><span class=\"wpcf7-form-control-wrap\" data-name=\"time1\"><select class=\"wpcf7-form-control wpcf7-select\" aria-invalid=\"false\" name=\"time1\"><option value=\"Farketmez\">Farketmez<\/option><option value=\"\u00d6\u011fleden \u00d6nce\">\u00d6\u011fleden \u00d6nce<\/option><option value=\"\u00d6\u011fleden Sonra\">\u00d6\u011fleden Sonra<\/option><\/select><\/span>\n<\/p>\n<p>2. <span class=\"wpcf7-form-control-wrap\" data-name=\"date2\"><input class=\"wpcf7-form-control wpcf7-date wpcf7-validates-as-date\" aria-invalid=\"false\" value=\"\" type=\"date\" name=\"date2\" \/><\/span><span class=\"wpcf7-form-control-wrap\" data-name=\"time2\"><select class=\"wpcf7-form-control wpcf7-select\" aria-invalid=\"false\" name=\"time2\"><option value=\"Farketmez\">Farketmez<\/option><option value=\"\u00d6\u011fleden \u00d6nce\">\u00d6\u011fleden \u00d6nce<\/option><option value=\"\u00d6\u011fleden Sonra\">\u00d6\u011fleden Sonra<\/option><\/select><\/span>\n<\/p>\n<p>Randevunuz Olu\u015fturulunca Hangi Kanaldan Bilgi Verilmesini \u0130stersiniz;\n<\/p>\n<p><span class=\"wpcf7-form-control-wrap\" data-name=\"channel\"><span class=\"wpcf7-form-control wpcf7-radio\"><span class=\"wpcf7-list-item first\"><input type=\"radio\" name=\"channel\" value=\"SMS\" \/><span class=\"wpcf7-list-item-label\">SMS<\/span><\/span><span class=\"wpcf7-list-item\"><input type=\"radio\" name=\"channel\" value=\"ePosta\" \/><span class=\"wpcf7-list-item-label\">ePosta<\/span><\/span><span class=\"wpcf7-list-item last\"><input type=\"radio\" name=\"channel\" value=\"Farketmez\" \/><span class=\"wpcf7-list-item-label\">Farketmez<\/span><\/span><\/span><\/span>\n<\/p>\n<p>Hizmet Al\u0131m\u0131n\u0131 Takiben Birka\u00e7 G\u00fcn \u0130\u00e7erisinde Deneyiminizi \u00d6\u011frenmek \u0130\u00e7in:\n<\/p>\n<p><span class=\"wpcf7-form-control-wrap\" data-name=\"survey\"><span class=\"wpcf7-form-control wpcf7-radio\"><span class=\"wpcf7-list-item first\"><input type=\"radio\" name=\"survey\" value=\"SMS\" \/><span class=\"wpcf7-list-item-label\">SMS<\/span><\/span><span class=\"wpcf7-list-item\"><input type=\"radio\" name=\"survey\" value=\"ePosta\" \/><span class=\"wpcf7-list-item-label\">ePosta<\/span><\/span><span class=\"wpcf7-list-item last\"><input type=\"radio\" name=\"survey\" value=\"Farketmez\" \/><span class=\"wpcf7-list-item-label\">Farketmez<\/span><\/span><\/span><\/span>\n<\/p>\n<p><input type=\"hidden\" name=\"_wpcf7_captcha_challenge_new-captcha\" value=\"3272853914\" \/><img decoding=\"async\" class=\"wpcf7-form-control wpcf7-captchac wpcf7-captcha-new-captcha\" width=\"72\" height=\"24\" alt=\"captcha\" src=\"https:\/\/www.netrisk.com.tr\/tr\/wp-content\/uploads\/wpcf7_captcha\/3272853914.png\" \/><br \/>\n<span class=\"wpcf7-form-control-wrap\" data-name=\"new-captcha\"><input size=\"40\" class=\"wpcf7-form-control wpcf7-captchar\" autocomplete=\"off\" aria-invalid=\"false\" value=\"\" type=\"text\" name=\"new-captcha\" \/><\/span>\n<\/p>\n<p><input class=\"wpcf7-form-control wpcf7-submit has-spinner\" type=\"submit\" value=\"Formu \u0130let\" \/>\n<\/p><p style=\"display: none !important;\" class=\"akismet-fields-container\" data-prefix=\"_wpcf7_ak_\"><label>&#916;<textarea name=\"_wpcf7_ak_hp_textarea\" cols=\"45\" rows=\"8\" maxlength=\"100\"><\/textarea><\/label><input type=\"hidden\" id=\"ak_js_1\" name=\"_wpcf7_ak_js\" value=\"42\"\/><script>document.getElementById( \"ak_js_1\" ).setAttribute( \"value\", ( new Date() ).getTime() );<\/script><\/p><div class=\"wpcf7-response-output\" aria-hidden=\"true\"><\/div>\n<\/form>\n<\/div>\n\n","protected":false},"excerpt":{"rendered":"","protected":false},"author":1,"featured_media":0,"parent":10,"menu_order":0,"comment_status":"closed","ping_status":"closed","template":"page-templates\/full-width-container.php","meta":{"footnotes":""},"class_list":["post-1353","page","type-page","status-publish","hentry"],"_links":{"self":[{"href":"https:\/\/www.netrisk.com.tr\/tr\/index.php?rest_route=\/wp\/v2\/pages\/1353","targetHints":{"allow":["GET"]}}],"collection":[{"href":"https:\/\/www.netrisk.com.tr\/tr\/index.php?rest_route=\/wp\/v2\/pages"}],"about":[{"href":"https:\/\/www.netrisk.com.tr\/tr\/index.php?rest_route=\/wp\/v2\/types\/page"}],"author":[{"embeddable":true,"href":"https:\/\/www.netrisk.com.tr\/tr\/index.php?rest_route=\/wp\/v2\/users\/1"}],"replies":[{"embeddable":true,"href":"https:\/\/www.netrisk.com.tr\/tr\/index.php?rest_route=%2Fwp%2Fv2%2Fcomments&post=1353"}],"version-history":[{"count":5,"href":"https:\/\/www.netrisk.com.tr\/tr\/index.php?rest_route=\/wp\/v2\/pages\/1353\/revisions"}],"predecessor-version":[{"id":1431,"href":"https:\/\/www.netrisk.com.tr\/tr\/index.php?rest_route=\/wp\/v2\/pages\/1353\/revisions\/1431"}],"up":[{"embeddable":true,"href":"https:\/\/www.netrisk.com.tr\/tr\/index.php?rest_route=\/wp\/v2\/pages\/10"}],"wp:attachment":[{"href":"https:\/\/www.netrisk.com.tr\/tr\/index.php?rest_route=%2Fwp%2Fv2%2Fmedia&parent=1353"}],"curies":[{"name":"wp","href":"https:\/\/api.w.org\/{rel}","templated":true}]}}