{"id":1364,"date":"2021-03-26T04:50:25","date_gmt":"2021-03-26T07:50:25","guid":{"rendered":"http:\/\/www.netrisk.com.tr\/tr\/?page_id=1364"},"modified":"2021-03-27T02:42:57","modified_gmt":"2021-03-27T05:42:57","slug":"kvkk-besvuru-formu","status":"publish","type":"page","link":"https:\/\/www.netrisk.com.tr\/tr\/?page_id=1364","title":{"rendered":"KVKK Ba\u015fvuru Formu"},"content":{"rendered":"\n<p>KVKK ile d\u00fczenlenen ki\u015fisel haklar\u0131n\u0131z aras\u0131nda;<\/p>\n\n\n\n<p>\u0130lgili ki\u015filerin, veri sorumlusuna ba\u015fvurarak; kendileriyle ilgili ki\u015fisel verilerin i\u015flenip i\u015flenmedi\u011fini \u00f6\u011frenmek, i\u015flenmi\u015fse bunlar\u0131 talep etmek, verinin muhtevas\u0131n\u0131n eksik veya yanl\u0131\u015f olmas\u0131 halinde bunlar\u0131n d\u00fczeltilmesini, hukuka ayk\u0131r\u0131 olmas\u0131 halinde ise silinmesini, yok edilmesini ve buna g\u00f6re yap\u0131lacak i\u015flemlerin verilerin a\u00e7\u0131kland\u0131\u011f\u0131 \u00fc\u00e7\u00fcnc\u00fc ki\u015filere bildirilmesini ve verilerin kanuna ayk\u0131r\u0131 olarak i\u015flenmesi sebebiyle zararlar\u0131n\u0131n giderilmesini talep etme haklar\u0131 bulunmaktad\u0131r.<\/p>\n\n\n\n<p>Bu kapsamda ilgili ki\u015filerin, Kanunun uygulanmas\u0131yla ilgili taleplerini, \u00f6ncelikle veri sorumlusuna iletmeleri zorunludur.<\/p>\n\n\n\n<p>A\u015fa\u011f\u0131daki formu kullanarak firmam\u0131za ba\u015fvurabilirsiniz. Otuz g\u00fcn i\u00e7erisinde ba\u015fvurunuz sonu\u00e7land\u0131r\u0131lacakt\u0131r.<\/p>\n\n\n\n<p> <\/p>\n\n\n\n<div class=\"wp-block-file\"><a href=\"https:\/\/www.netrisk.com.tr\/tr\/wp-content\/uploads\/2021\/03\/netrisk-kvkk-basvuru-formu.pdf\">netrisk-kvkk-basvuru-formu<\/a><a href=\"https:\/\/www.netrisk.com.tr\/tr\/wp-content\/uploads\/2021\/03\/netrisk-kvkk-basvuru-formu.pdf\" class=\"wp-block-file__button\" download>Download<\/a><\/div>\n","protected":false},"excerpt":{"rendered":"<p>KVKK ile d\u00fczenlenen ki\u015fisel haklar\u0131n\u0131z aras\u0131nda; \u0130lgili ki\u015filerin, veri sorumlusuna ba\u015fvurarak; kendileriyle ilgili ki\u015fisel verilerin i\u015flenip i\u015flenmedi\u011fini \u00f6\u011frenmek, i\u015flenmi\u015fse bunlar\u0131 talep etmek, verinin muhtevas\u0131n\u0131n eksik veya yanl\u0131\u015f olmas\u0131 halinde bunlar\u0131n d\u00fczeltilmesini, hukuka ayk\u0131r\u0131 olmas\u0131 halinde ise silinmesini, yok edilmesini ve buna g\u00f6re yap\u0131lacak i\u015flemlerin verilerin a\u00e7\u0131kland\u0131\u011f\u0131 \u00fc\u00e7\u00fcnc\u00fc ki\u015filere bildirilmesini ve verilerin kanuna ayk\u0131r\u0131 olarak i\u015flenmesi sebebiyle zararlar\u0131n\u0131n giderilmesini talep etme haklar\u0131 bulunmaktad\u0131r. Bu kapsamda&#8230;<\/p>\n","protected":false},"author":1,"featured_media":0,"parent":10,"menu_order":0,"comment_status":"closed","ping_status":"closed","template":"page-templates\/full-width-container.php","meta":{"footnotes":""},"class_list":["post-1364","page","type-page","status-publish","hentry"],"_links":{"self":[{"href":"https:\/\/www.netrisk.com.tr\/tr\/index.php?rest_route=\/wp\/v2\/pages\/1364","targetHints":{"allow":["GET"]}}],"collection":[{"href":"https:\/\/www.netrisk.com.tr\/tr\/index.php?rest_route=\/wp\/v2\/pages"}],"about":[{"href":"https:\/\/www.netrisk.com.tr\/tr\/index.php?rest_route=\/wp\/v2\/types\/page"}],"author":[{"embeddable":true,"href":"https:\/\/www.netrisk.com.tr\/tr\/index.php?rest_route=\/wp\/v2\/users\/1"}],"replies":[{"embeddable":true,"href":"https:\/\/www.netrisk.com.tr\/tr\/index.php?rest_route=%2Fwp%2Fv2%2Fcomments&post=1364"}],"version-history":[{"count":3,"href":"https:\/\/www.netrisk.com.tr\/tr\/index.php?rest_route=\/wp\/v2\/pages\/1364\/revisions"}],"predecessor-version":[{"id":1370,"href":"https:\/\/www.netrisk.com.tr\/tr\/index.php?rest_route=\/wp\/v2\/pages\/1364\/revisions\/1370"}],"up":[{"embeddable":true,"href":"https:\/\/www.netrisk.com.tr\/tr\/index.php?rest_route=\/wp\/v2\/pages\/10"}],"wp:attachment":[{"href":"https:\/\/www.netrisk.com.tr\/tr\/index.php?rest_route=%2Fwp%2Fv2%2Fmedia&parent=1364"}],"curies":[{"name":"wp","href":"https:\/\/api.w.org\/{rel}","templated":true}]}}